{"id":133,"date":"2019-05-10T18:30:09","date_gmt":"2019-05-10T21:30:09","guid":{"rendered":"http:\/\/coopelectricamechongue.com.ar\/?page_id=133"},"modified":"2026-05-04T11:38:40","modified_gmt":"2026-05-04T14:38:40","slug":"tarifas","status":"publish","type":"page","link":"https:\/\/coopelectricamechongue.com.ar\/index.php\/tarifas\/","title":{"rendered":"Tarifas"},"content":{"rendered":"\n<figure class=\"wp-block-image size-full\"><img loading=\"lazy\" decoding=\"async\" width=\"446\" height=\"590\" src=\"http:\/\/coopelectricamechongue.com.ar\/wp-content\/uploads\/2026\/03\/61ce3824db6ba.jpg\" alt=\"\" class=\"wp-image-337\" srcset=\"https:\/\/coopelectricamechongue.com.ar\/wp-content\/uploads\/2026\/03\/61ce3824db6ba.jpg 446w, https:\/\/coopelectricamechongue.com.ar\/wp-content\/uploads\/2026\/03\/61ce3824db6ba-227x300.jpg 227w\" sizes=\"auto, (max-width: 446px) 100vw, 446px\" \/><\/figure>\n\n\n\n<p><strong>ENERG\u00cdA EL\u00c9CTRICA<\/strong><\/p>\n\n\n\n<p>CUADROS TARIFARIOS SIGA EL ENLACE<\/p>\n\n\n\n<p>\u00c1REA ATLANT\u00cdCA<\/p>\n\n\n\n<p><a href=\"https:\/\/www.oceba.gba.gov.ar\/nueva_web\/s.php?i=17\">https:\/\/www.oceba.gba.gov.ar\/nueva_web\/s.php?i=17<\/a><\/p>\n\n\n\n<figure class=\"wp-block-image is-resized\"><img loading=\"lazy\" decoding=\"async\" width=\"360\" height=\"294\" src=\"http:\/\/coopelectricamechongue.com.ar\/wp-content\/uploads\/2019\/05\/5dc3b-agua_potable_de_la_canilla.jpg\" alt=\"\" class=\"wp-image-145\" style=\"width:494px;height:404px\" srcset=\"https:\/\/coopelectricamechongue.com.ar\/wp-content\/uploads\/2019\/05\/5dc3b-agua_potable_de_la_canilla.jpg 360w, https:\/\/coopelectricamechongue.com.ar\/wp-content\/uploads\/2019\/05\/5dc3b-agua_potable_de_la_canilla-300x245.jpg 300w\" sizes=\"auto, (max-width: 360px) 100vw, 360px\" \/><\/figure>\n\n\n\n<figure class=\"wp-block-table aligncenter is-style-stripes\"><table class=\"has-fixed-layout\"><tbody><tr><td class=\"has-text-align-left\" data-align=\"left\">         <strong>AGUA POTABLE<\/strong><\/td><td class=\"has-text-align-center\" data-align=\"center\"><strong>Residencial<\/strong><\/td><td class=\"has-text-align-center\" data-align=\"center\"><strong>General<\/strong><\/td><td class=\"has-text-align-center\" data-align=\"center\"><strong>Industria<\/strong><\/td><\/tr><tr><td class=\"has-text-align-left\" data-align=\"left\">Cargo Fijo<\/td><td class=\"has-text-align-center\" data-align=\"center\">$ 5.988,00<\/td><td class=\"has-text-align-center\" data-align=\"center\">$ 9.064,00<\/td><td class=\"has-text-align-center\" data-align=\"center\">$ 18.002,00<\/td><\/tr><tr><td class=\"has-text-align-left\" data-align=\"left\">Variable de 1 a 10 metros\u00b3<\/td><td class=\"has-text-align-center\" data-align=\"center\">$ 204,00\/mt.\u00b3<\/td><td class=\"has-text-align-center\" data-align=\"center\">$ 403,00 \/mt.\u00b3<\/td><td class=\"has-text-align-center\" data-align=\"center\">$ 1.432,00 \/mt.\u00b3<\/td><\/tr><tr><td class=\"has-text-align-left\" data-align=\"left\">Variable de 11 a 20 metros\u00b3<\/td><td class=\"has-text-align-center\" data-align=\"center\">$ 403,00\/mt.\u00b3<\/td><td class=\"has-text-align-center\" data-align=\"center\">$ 403,00 \/mt.\u00b3<\/td><td class=\"has-text-align-center\" data-align=\"center\">$ 1.432,00 \/mt.\u00b3<\/td><\/tr><tr><td class=\"has-text-align-left\" data-align=\"left\">Variable de 21 a 30 metros\u00b3<\/td><td class=\"has-text-align-center\" data-align=\"center\">$ 604,00 \/mt.\u00b3<\/td><td class=\"has-text-align-center\" data-align=\"center\">$ 604,00 \/mt.\u00b3<\/td><td class=\"has-text-align-center\" data-align=\"center\">$ 1.432,00 \/mt.\u00b3<\/td><\/tr><tr><td class=\"has-text-align-left\" data-align=\"left\">Variable de 31 a 50 metros\u00b3<\/td><td class=\"has-text-align-center\" data-align=\"center\">$ 756,00 \/mt.\u00b3<\/td><td class=\"has-text-align-center\" data-align=\"center\">$ 756,00 \/mt.\u00b3<\/td><td class=\"has-text-align-center\" data-align=\"center\">$ 1.432,00 \/mt.\u00b3<\/td><\/tr><tr><td class=\"has-text-align-left\" data-align=\"left\">Variable m\u00e1s de 50 metros\u00b3<\/td><td class=\"has-text-align-center\" data-align=\"center\">$ 1.432,00\/mt.\u00b3<\/td><td class=\"has-text-align-center\" data-align=\"center\">$ 1.432,00\/mt.\u00b3<\/td><td class=\"has-text-align-center\" data-align=\"center\">$ 1432,00 \/mt.\u00b3<\/td><\/tr><\/tbody><\/table><figcaption class=\"wp-element-caption\">Cuadro vigente a partir de los consumos de febrero 2026<\/figcaption><\/figure>\n\n\n\n<p><\/p>\n\n\n\n<p><strong>SERVICIO DE CLOACAS<\/strong><\/p>\n\n\n\n<figure class=\"wp-block-table is-style-stripes\"><table class=\"has-fixed-layout\"><tbody><tr><td><\/td><td><strong>Residencial<\/strong><\/td><td><strong>Comercio<\/strong><\/td><td><strong>Industria<\/strong><\/td><\/tr><tr><td><strong>Cargo Fijo<\/strong><\/td><td>$ 9.208,00<\/td><td>$15.481,00<\/td><td>$64.900,00<\/td><\/tr><\/tbody><\/table><figcaption class=\"wp-element-caption\">Cuadro vigente a partir de los consumos de febrero 2026<\/figcaption><\/figure>\n\n\n\n<p class=\"has-text-align-center\"><strong><em>BONIFICACI\u00d3N EN SANEAMIENTO AL SOCIO 50%<\/em><\/strong><\/p>\n\n\n\n<p><strong>ALQUILER HIDRO GRUA<\/strong><\/p>\n\n\n\n<p>Equivalente al valor final de 50 litros de gasoil por hora <\/p>\n\n\n\n<p><strong>Socios al d\u00eda 20% de Descuento<\/strong><\/p>\n\n\n\n<p><strong>SAL\u00d3N PARRILLA <\/strong><\/p>\n\n\n\n<p>Precio con limpieza incluida &nbsp;U$D 80 equivalente al cambio tipo vendedor Banco Naci\u00f3n.<\/p>\n\n\n\n<p><strong>Socios al d\u00eda 20% de descuento<\/strong><\/p>\n\n\n\n<p><\/p>\n\n\n\n<p><\/p>\n\n\n\n<h2 class=\"wp-block-heading\"><strong>ENERGIA EL\u00c9CTRICA<\/strong><\/h2>\n\n\n\n<p><a href=\"https:\/\/www.oceba.gba.gov.ar\/nueva_web\/s.php?i=17\">https:\/\/www.oceba.gba.gov.ar\/nueva_web\/s.php?i=17<\/a><\/p>\n\n\n\n<p><strong>SUBSIDIOS DE ENERG\u00cdA<\/strong><\/p>\n\n\n\n<p><a href=\"https:\/\/subsidios-energia.argentina.gob.ar\/\">https:\/\/subsidios-energia.argentina.gob.ar\/<\/a><\/p>\n\n\n\n<p><\/p>\n","protected":false},"excerpt":{"rendered":"<p>ENERG\u00cdA EL\u00c9CTRICA CUADROS TARIFARIOS SIGA EL ENLACE \u00c1REA ATLANT\u00cdCA https:\/\/www.oceba.gba.gov.ar\/nueva_web\/s.php?i=17 AGUA POTABLE Residencial General Industria Cargo Fijo $ 5.988,00 $ 9.064,00 $ 18.002,00 Variable de 1 a 10 metros\u00b3 $ 204,00\/mt.\u00b3 $ 403,00 \/mt.\u00b3 $ 1.432,00 \/mt.\u00b3 Variable de 11 a 20 metros\u00b3 $ 403,00\/mt.\u00b3 $ 403,00 \/mt.\u00b3 $ 1.432,00 \/mt.\u00b3 Variable de 21 a &hellip; <\/p>\n<p class=\"link-more\"><a href=\"https:\/\/coopelectricamechongue.com.ar\/index.php\/tarifas\/\" class=\"more-link\">Continuar leyendo<span class=\"screen-reader-text\"> &#8220;Tarifas&#8221;<\/span><\/a><\/p>\n","protected":false},"author":1,"featured_media":0,"parent":0,"menu_order":0,"comment_status":"closed","ping_status":"closed","template":"","meta":{"footnotes":""},"class_list":["post-133","page","type-page","status-publish","hentry"],"_links":{"self":[{"href":"https:\/\/coopelectricamechongue.com.ar\/index.php\/wp-json\/wp\/v2\/pages\/133","targetHints":{"allow":["GET"]}}],"collection":[{"href":"https:\/\/coopelectricamechongue.com.ar\/index.php\/wp-json\/wp\/v2\/pages"}],"about":[{"href":"https:\/\/coopelectricamechongue.com.ar\/index.php\/wp-json\/wp\/v2\/types\/page"}],"author":[{"embeddable":true,"href":"https:\/\/coopelectricamechongue.com.ar\/index.php\/wp-json\/wp\/v2\/users\/1"}],"replies":[{"embeddable":true,"href":"https:\/\/coopelectricamechongue.com.ar\/index.php\/wp-json\/wp\/v2\/comments?post=133"}],"version-history":[{"count":39,"href":"https:\/\/coopelectricamechongue.com.ar\/index.php\/wp-json\/wp\/v2\/pages\/133\/revisions"}],"predecessor-version":[{"id":349,"href":"https:\/\/coopelectricamechongue.com.ar\/index.php\/wp-json\/wp\/v2\/pages\/133\/revisions\/349"}],"wp:attachment":[{"href":"https:\/\/coopelectricamechongue.com.ar\/index.php\/wp-json\/wp\/v2\/media?parent=133"}],"curies":[{"name":"wp","href":"https:\/\/api.w.org\/{rel}","templated":true}]}}