{"id":135,"date":"2019-05-10T18:26:26","date_gmt":"2019-05-10T21:26:26","guid":{"rendered":"http:\/\/coopelectricamechongue.com.ar\/?page_id=135"},"modified":"2026-05-04T11:48:52","modified_gmt":"2026-05-04T14:48:52","slug":"boletin-informativo","status":"publish","type":"page","link":"https:\/\/coopelectricamechongue.com.ar\/index.php\/boletin-informativo\/","title":{"rendered":"Bolet\u00edn Informativo"},"content":{"rendered":"\n<p><a><strong><u>CONVOCATORIA<\/u><\/strong><\/a><\/p>\n\n\n\n<p><strong>Cumpliendo con las prescripciones del art\u00edculo 57 del Estatuto de nuestra Cooperativa se convoca a los Se\u00f1ores Asociados a la Asamblea General Ordinaria para el d\u00eda 30 de abril de 2026 a las 19:00 horas (en primera convocatoria) en nuestra sede social sito en calle 102 N\u00b0258 de la localidad de Mechongu\u00e9. Partido de General Alvarado, provincia de Buenos Aires, para tratar el siguiente:<\/strong><\/p>\n\n\n\n<p><strong><u>ORDEN DEL D\u00cdA<\/u><\/strong><\/p>\n\n\n\n<ol class=\"wp-block-list\">\n<li><a>Designaci\u00f3n de dos Socios para refrendar junto a los Sres. presidente y secretario el Acta de la Asamblea.<\/a><\/li>\n<\/ol>\n\n\n\n<ul class=\"wp-block-list\">\n<li>Lectura y consideraci\u00f3n de la Memoria, Estados Contables e informes del S\u00edndico y el Auditor, correspondientes al sexag\u00e9simo segundo (62\u00b0) ejercicio cerrado el 31 de diciembre de 2025.<\/li>\n<\/ul>\n\n\n\n<ul class=\"wp-block-list\">\n<li>Designaci\u00f3n de una Comisi\u00f3n Escrutadora de tres miembros.<\/li>\n<\/ul>\n\n\n\n<ul class=\"wp-block-list\">\n<li>Elecci\u00f3n de:<\/li>\n<\/ul>\n\n\n\n<ol style=\"list-style-type:lower-alpha\" class=\"wp-block-list\">\n<li>Tres consejeros Titulares en reemplazo de la Sra. Adela Corihuela, los Sres. Javier Adri\u00e1n Lencina, Carlos Oscar Sigales todos por terminaci\u00f3n de mandato.<\/li>\n<\/ol>\n\n\n\n<ul class=\"wp-block-list\">\n<li>Tres consejeros Suplentes en reemplazo los Se\u00f1ores: Luis Miguel Yoerg, Diego Marcelo \u00c1lvarez y Enrique Larrea, todos por terminaci\u00f3n de mandato.<\/li>\n<\/ul>\n\n\n\n<ul class=\"wp-block-list\">\n<li>Un Sindico Titular en reemplazo del Sr. Pedro Bustamante y un S\u00edndico suplente en reemplazo del Sr. Marcelo Avellaneda, ambos por terminaci\u00f3n de mandato.<\/li>\n<\/ul>\n\n\n\n<ul class=\"wp-block-list\">\n<li>Consideraci\u00f3n Resoluci\u00f3n 3866\/2023 INAES.<\/li>\n<\/ul>\n\n\n\n<p>Mechongu\u00e9, 14 de abril de 2026<\/p>\n\n\n\n<p>\u00a0\u00a0\u00a0\u00a0\u00a0\u00a0\u00a0\u00a0\u00a0\u00a0\u00a0\u00a0\u00a0 EDGARDO FABI\u00c1N POLLARINI\u00a0\u00a0\u00a0\u00a0\u00a0\u00a0\u00a0\u00a0\u00a0\u00a0\u00a0\u00a0\u00a0\u00a0\u00a0\u00a0\u00a0\u00a0       JAVIER ADRIAN LENCINA<\/p>\n\n\n\n<p>\u00a0\u00a0\u00a0\u00a0\u00a0\u00a0\u00a0\u00a0\u00a0\u00a0\u00a0\u00a0\u00a0\u00a0\u00a0\u00a0\u00a0\u00a0\u00a0\u00a0\u00a0\u00a0\u00a0\u00a0\u00a0\u00a0 \u00a0\u00a0\u00a0\u00a0\u00a0PRESIDENTE\u00a0\u00a0\u00a0\u00a0\u00a0\u00a0\u00a0\u00a0\u00a0\u00a0\u00a0\u00a0\u00a0\u00a0\u00a0\u00a0\u00a0\u00a0\u00a0\u00a0\u00a0\u00a0\u00a0\u00a0\u00a0\u00a0\u00a0\u00a0\u00a0\u00a0\u00a0\u00a0\u00a0\u00a0\u00a0\u00a0\u00a0\u00a0\u00a0\u00a0\u00a0\u00a0\u00a0\u00a0\u00a0\u00a0\u00a0\u00a0\u00a0\u00a0\u00a0\u00a0\u00a0\u00a0\u00a0\u00a0 \u00a0\u00a0\u00a0SECRETARIO<\/p>\n\n\n\n<p><\/p>\n\n\n\n<p><\/p>\n\n\n\n<figure class=\"wp-block-image size-large\"><img loading=\"lazy\" decoding=\"async\" width=\"877\" height=\"1024\" src=\"https:\/\/coopelectricamechongue.com.ar\/wp-content\/uploads\/2025\/05\/image-877x1024.png\" alt=\"\" class=\"wp-image-305\" srcset=\"https:\/\/coopelectricamechongue.com.ar\/wp-content\/uploads\/2025\/05\/image-877x1024.png 877w, https:\/\/coopelectricamechongue.com.ar\/wp-content\/uploads\/2025\/05\/image-257x300.png 257w, https:\/\/coopelectricamechongue.com.ar\/wp-content\/uploads\/2025\/05\/image-768x897.png 768w, https:\/\/coopelectricamechongue.com.ar\/wp-content\/uploads\/2025\/05\/image.png 922w\" sizes=\"auto, (max-width: 767px) 89vw, (max-width: 1000px) 54vw, (max-width: 1071px) 543px, 580px\" \/><\/figure>\n\n\n\n<p><strong>ACTA ASAMBLEA GENERAL ORDINARIA, 30 DE ABRIL DE 2025<\/strong><\/p>\n\n\n\n<p class=\"has-text-align-left\">ACTA N\u00ba 69<\/p>\n\n\n\n<p class=\"has-text-align-left\">En la localidad de Mechongu\u00e9 Partido de General Alvarado Provincia de Buenos Aires, en el local social de la Cooperativa de Electricidad de Mechongu\u00e9 Limitada, sito en calle 102 N\u00ba 258 a los 30 d\u00edas&nbsp; del mes de abril de 2025 siendo las 20:00 hs. y transcurrido una hora de la fijada en convocatoria, se re\u00fanen en Asamblea General Ordinaria, los socios de la misma cuya n\u00f3mina y firma figura en el libro de asistencia a Asambleas n\u00famero 1, al folio 91, para dar tratamiento al siguiente Orden del D\u00eda: 1\u00b0 Designaci\u00f3n de dos Socios para refrendar junto a los Sres. Presidente y Secretario el Acta de la Asamblea. 2\u00b0 Lectura y consideraci\u00f3n de la Memoria, Estados Contables e informes del S\u00edndico y el Auditor, correspondientes al sexag\u00e9simo primer (61\u00b0) ejercicio cerrado el 31 de diciembre de 2024. 3\u00b0 Designaci\u00f3n de una Comisi\u00f3n Escrutadora de tres miembros. 4\u00b0 Elecci\u00f3n de: Tres Consejeros Titulares en reemplazo los Se\u00f1ores: Bruno Abel Luchetta, Enrique Larrea y Fabi\u00e1n Rosales todos por terminaci\u00f3n de mandato. Tres Consejeros Suplentes en reemplazo los Se\u00f1ores: Jorge P\u00e9rez, Pedro Bustamante y Cristina Gonz\u00e1lez, todos por terminaci\u00f3n de mandato. Un Sindico Titular en reemplazo del Sr. Marcelo Avellaneda y un S\u00edndico suplente en reemplazo del Sr. Miguel \u00c1ngel Salvatore, ambos por terminaci\u00f3n de mandato. 5\u00b0 Consideraci\u00f3n Resoluci\u00f3n 3866\/2023 INAES. Mechongu\u00e9 11 de abril de 2025. El Sr. Presidente da inicio a la Asamblea agradeciendo la presencia de los Sres. Asamble\u00edstas y de inmediato se trata el PRIMER punto del orden del d\u00eda siendo designados para refrendar el Acta de la Asamblea los Srs. Juan Pedro Luchetta y Oscar Rafael L\u00f3pez, de inmediato se continua con el SEGUNDO punto dando, el Sr. Secretario lectura a la memoria del ejercicio, durante el transcurso de la misma surgen algunas preguntas que se fueron resolviendo a medida que se formulaban, acto seguido toman la palabra los contadores Marcos Puchi y Marcelo G\u00f3mez para dar tratamiento de los estados contables y la auditoria del mismo ejercicio, los contadores exponen los distintos \u00edtems compar\u00e1ndolos adem\u00e1s con los estados del ejercicio anterior, luego de la lectura se realizan algunas consultas entre las que podemos destacar la del Sr. Juan Pedro Luchetta que pregunta sobre la cantidad de dinero en caja al cierre del ejercicio, se explica que no es dinero en efectivo sino valores a fecha que fueron depositados a medida que correspond\u00eda seg\u00fan el vencimiento de los mismos. Inmediatamente el Sr. Presidente consulta a los Sres. Asamble\u00edstas si quedan dudas sobre la memoria y los estados contables puestos a consideraci\u00f3n y si se aprueban los mismos, la Asamblea a mano alzada aprueba por unanimidad la memoria y los estados contables del ejercicio 2024. De inmediato se continua con el TERCER punto, designaci\u00f3n de una Comisi\u00f3n Escrutadora de tres miembros, el Sr. Presidente pregunta si se encuentra alg\u00fan Asamble\u00edsta que desee proponer a otros candidatos para integrar el nuevo Consejo de Administraci\u00f3n y\/o que deseen postularse a s\u00ed mismos. Al no haber Asociados en mayor cantidad como postulantes a ser designados Consejeros, se resuelve obviar el nombramiento de la Comisi\u00f3n escrutadora pasando a tratar el CUARTO punto: elecci\u00f3n de Consejeros siendo designados por aclamaci\u00f3n y un\u00e1nimemente por los presentes: para Consejeros Titulares la Sra. Cristina Gonz\u00e1lez y los Sres. Bruno Abel Luchetta y Fabi\u00e1n Rosales, como Consejeros suplentes los Sres. Lu\u00eds Miguel Yoerg, Diego \u00c1lvarez y Enrique Larrea, como S\u00edndico Titular el Sr. Pedro Bustamante. Y como S\u00edndico suplente: el Sr. Marcelo Avellaneda. Se continua con el QUINTO y \u00faltimo punto: 5. Consideraci\u00f3n Res. 3866\/2023 de INAES, mediante esta resoluci\u00f3n de aplicaci\u00f3n obligatoria, el Instituto Nacional de Asociativismo y Econom\u00eda Social solicita aclarar debidamente el destino de los importes de capital ajustados por inflaci\u00f3n, la Asamblea resuelve por unanimidad que el ajuste de capital no sea distribuible y se aplique para cubrir parte del d\u00e9ficit de ejercicios anteriores. Finalizado este \u00faltimo punto y no habiendo m\u00e1s que tratar, siendo las veintid\u00f3s horas diez minutos del d\u00eda treinta de abril de dos mil veinticinco se da por finalizada la Asamblea. &nbsp;&nbsp;&nbsp;<\/p>\n\n\n\n<p>&nbsp;<strong>ACTA CONSEJO DE ADMINISTRACI\u00d3N, 7 DE MAYO, DISTRIBUCI\u00d3N DE CARGOS<\/strong>&nbsp;&nbsp;&nbsp;&nbsp;&nbsp;&nbsp;&nbsp;&nbsp; &nbsp;&nbsp;&nbsp;&nbsp;&nbsp;&nbsp;&nbsp;<\/p>\n\n\n\n<p>ACTA N\u00ba 827<\/p>\n\n\n\n<p>En la Cooperativa de Electricidad de Mechongu\u00e9 Ltda. a las 20 horas del d\u00eda 07 de mayo de 2025 se re\u00fanen los integrantes del Consejo de administraci\u00f3n que firman el libro de asistencias a reuniones para tratar el siguiente orden del d\u00eda: 1\u00ba Lectura Acta Asamblea Gral. Ordinaria celebrada el 30 de abril de 2025. 2\u00ba Distribuci\u00f3n de cargos. De inmediato se da inicio a la reuni\u00f3n d\u00e1ndose lectura al Acta Asamblea Gral. Ordinaria N\u00ba 69, la misma fue aprobada por unanimidad pasando inmediatamente al 2\u00ba punto, distribuci\u00f3n de cargos quedando el Consejo de Administraci\u00f3n de la Cooperativa de Electricidad de Mechongu\u00e9 Ltda. conformado de la siguiente manera: Presidente EDGARDO FABI\u00c1N POLLARINI, Vicepresidente JUAN CARLOS RASTELLI, Secretario JAVIER A. LENCINA, Prosecretario FERNANDO MOLDES, Tesorero BRUNO ABEL LUCHETTA, Protesorero OSCAR SIGALES, Vocales titulares, ADELA CORIHUELA, CRISTINA NOEMI GONZALEZ, FABIAN ROSALES Vocales suplentes, LUIS MIGUEL YOERG, DIEGO MARCELO ALVAREZ, ENRIQUE LARREA. S\u00edndico titular PEDRO BUSTAMANTE. S\u00edndico Suplente MARCELO AVELLANEDA. Sin m\u00e1s puntos que tratar siendo las 21:15 horas del d\u00eda 07 de mayo de 2025 se da por finalizada la reuni\u00f3n. &#8211;<\/p>\n\n\n\n<p><strong>CONSEJO DE ADMINISTRACI\u00d3N<\/strong><\/p>\n\n\n\n<figure class=\"wp-block-image size-full\"><img loading=\"lazy\" decoding=\"async\" width=\"853\" height=\"589\" src=\"https:\/\/coopelectricamechongue.com.ar\/wp-content\/uploads\/2025\/05\/image-1.png\" alt=\"\" class=\"wp-image-307\" srcset=\"https:\/\/coopelectricamechongue.com.ar\/wp-content\/uploads\/2025\/05\/image-1.png 853w, https:\/\/coopelectricamechongue.com.ar\/wp-content\/uploads\/2025\/05\/image-1-300x207.png 300w, https:\/\/coopelectricamechongue.com.ar\/wp-content\/uploads\/2025\/05\/image-1-768x530.png 768w\" sizes=\"auto, (max-width: 767px) 89vw, (max-width: 1000px) 54vw, (max-width: 1071px) 543px, 580px\" \/><\/figure>\n\n\n\n<ul class=\"wp-block-list\">\n<li style=\"font-size:20px\"><\/li>\n<\/ul>\n\n\n\n<blockquote class=\"wp-block-quote has-text-align-center is-layout-flow wp-block-quote-is-layout-flow\">\n<p><\/p>\n<\/blockquote>\n\n\n\n<p><\/p>\n","protected":false},"excerpt":{"rendered":"<p>CONVOCATORIA Cumpliendo con las prescripciones del art\u00edculo 57 del Estatuto de nuestra Cooperativa se convoca a los Se\u00f1ores Asociados a la Asamblea General Ordinaria para el d\u00eda 30 de abril de 2026 a las 19:00 horas (en primera convocatoria) en nuestra sede social sito en calle 102 N\u00b0258 de la localidad de Mechongu\u00e9. Partido de &hellip; <\/p>\n<p class=\"link-more\"><a href=\"https:\/\/coopelectricamechongue.com.ar\/index.php\/boletin-informativo\/\" class=\"more-link\">Continuar leyendo<span class=\"screen-reader-text\"> &#8220;Bolet\u00edn Informativo&#8221;<\/span><\/a><\/p>\n","protected":false},"author":1,"featured_media":0,"parent":0,"menu_order":0,"comment_status":"closed","ping_status":"closed","template":"","meta":{"footnotes":""},"class_list":["post-135","page","type-page","status-publish","hentry"],"_links":{"self":[{"href":"https:\/\/coopelectricamechongue.com.ar\/index.php\/wp-json\/wp\/v2\/pages\/135","targetHints":{"allow":["GET"]}}],"collection":[{"href":"https:\/\/coopelectricamechongue.com.ar\/index.php\/wp-json\/wp\/v2\/pages"}],"about":[{"href":"https:\/\/coopelectricamechongue.com.ar\/index.php\/wp-json\/wp\/v2\/types\/page"}],"author":[{"embeddable":true,"href":"https:\/\/coopelectricamechongue.com.ar\/index.php\/wp-json\/wp\/v2\/users\/1"}],"replies":[{"embeddable":true,"href":"https:\/\/coopelectricamechongue.com.ar\/index.php\/wp-json\/wp\/v2\/comments?post=135"}],"version-history":[{"count":10,"href":"https:\/\/coopelectricamechongue.com.ar\/index.php\/wp-json\/wp\/v2\/pages\/135\/revisions"}],"predecessor-version":[{"id":352,"href":"https:\/\/coopelectricamechongue.com.ar\/index.php\/wp-json\/wp\/v2\/pages\/135\/revisions\/352"}],"wp:attachment":[{"href":"https:\/\/coopelectricamechongue.com.ar\/index.php\/wp-json\/wp\/v2\/media?parent=135"}],"curies":[{"name":"wp","href":"https:\/\/api.w.org\/{rel}","templated":true}]}}