{"id":18,"date":"2019-05-03T18:02:00","date_gmt":"2019-05-03T21:02:00","guid":{"rendered":"http:\/\/coopelectricamechongue.com.ar\/?page_id=18"},"modified":"2024-07-10T12:47:58","modified_gmt":"2024-07-10T15:47:58","slug":"acerca-de","status":"publish","type":"page","link":"https:\/\/coopelectricamechongue.com.ar\/index.php\/acerca-de\/","title":{"rendered":"Historia"},"content":{"rendered":"<p>La Cooperativa fue fundada el 10 de noviembre de 1963 debido a la inquietud de vecinos unidos por la misma necesidad de contar con el servicio de energ\u00eda el\u00e9ctrica, a trav\u00e9s de los a\u00f1os y con el paso de los distintos Consejos que siempre trabajaron ad honorem, la Cooperativa hizo frente a las distintas necesidades que surg\u00edan, fue as\u00ed como con recursos genuinos construyo la sede propia, gestiono y concreto los servicios de agua potable y cloacas, construyo un sal\u00f3n parrilla, una sala velatoria y una radio, adquiri\u00f3 veh\u00edculos para la atenci\u00f3n de sus servicios, capacito empleados, amplio y mejoro las redes de media y baja tensi\u00f3n, agua y cloacas.<\/p>\n\n\n<p><strong>Un poco de nuestra Historia<\/strong><\/p>\n\n\n\n<p><strong><em>El d\u00eda 12 de octubre de 1966, inauguraci\u00f3n servicio el\u00e9ctrico<\/em><\/strong><\/p>\n\n\n\n<figure class=\"wp-block-image\"><img loading=\"lazy\" decoding=\"async\" width=\"886\" height=\"611\" src=\"http:\/\/coopelectricamechongue.com.ar\/wp-content\/uploads\/2019\/05\/Imagen-1.png\" alt=\"\" class=\"wp-image-127\" srcset=\"https:\/\/coopelectricamechongue.com.ar\/wp-content\/uploads\/2019\/05\/Imagen-1.png 886w, https:\/\/coopelectricamechongue.com.ar\/wp-content\/uploads\/2019\/05\/Imagen-1-300x207.png 300w, https:\/\/coopelectricamechongue.com.ar\/wp-content\/uploads\/2019\/05\/Imagen-1-768x530.png 768w\" sizes=\"auto, (max-width: 767px) 89vw, (max-width: 1000px) 54vw, (max-width: 1071px) 543px, 580px\" \/><\/figure>\n\n\n\n<p><em><strong>Inauguraci\u00f3n de edificio propio 29 de Julio de 1978<\/strong><\/em><\/p>\n\n\n\n<figure class=\"wp-block-image\"><img loading=\"lazy\" decoding=\"async\" width=\"886\" height=\"612\" src=\"http:\/\/coopelectricamechongue.com.ar\/wp-content\/uploads\/2019\/05\/Imagen-14.png\" alt=\"\" class=\"wp-image-128\" srcset=\"https:\/\/coopelectricamechongue.com.ar\/wp-content\/uploads\/2019\/05\/Imagen-14.png 886w, https:\/\/coopelectricamechongue.com.ar\/wp-content\/uploads\/2019\/05\/Imagen-14-300x207.png 300w, https:\/\/coopelectricamechongue.com.ar\/wp-content\/uploads\/2019\/05\/Imagen-14-768x530.png 768w\" sizes=\"auto, (max-width: 767px) 89vw, (max-width: 1000px) 54vw, (max-width: 1071px) 543px, 580px\" \/><\/figure>\n\n\n\n<p class=\"has-text-align-center\"><strong>Nuestros Presidentes<\/strong><\/p>\n\n\n\n<p><\/p>\n\n\n\n<ul class=\"wp-block-list\">\n<li>1964 \u2013 1967 &nbsp;&nbsp;&nbsp;&nbsp;&nbsp;&nbsp;&nbsp;&nbsp; Miguel Egozcue<\/li>\n\n\n\n<li>1968 \u2013 1972 &nbsp;&nbsp;&nbsp;&nbsp;&nbsp;&nbsp;&nbsp;&nbsp; Faustino Piorno<\/li>\n\n\n\n<li>1973 &#8211; &nbsp;&nbsp;&nbsp;&nbsp;&nbsp;&nbsp;&nbsp;&nbsp;&nbsp;&nbsp;&nbsp;&nbsp;&nbsp;&nbsp;&nbsp;&nbsp;&nbsp;&nbsp;&nbsp;&nbsp; Antonino Corral&nbsp; <\/li>\n\n\n\n<li>1974 \u2013 1987 &nbsp;&nbsp;&nbsp;&nbsp;&nbsp;&nbsp;&nbsp;&nbsp; Vicente Belver&nbsp;&nbsp;&nbsp;&nbsp;&nbsp; <\/li>\n\n\n\n<li>1988 \u2013 1989 &nbsp;&nbsp;&nbsp;&nbsp;&nbsp;&nbsp;&nbsp;&nbsp; Jacinto Tolosa<\/li>\n\n\n\n<li>1990 \u2013 1997&nbsp;&nbsp;&nbsp;&nbsp;&nbsp;&nbsp;&nbsp;&nbsp;&nbsp; Francisco Laspina<\/li>\n\n\n\n<li>1998 &#8211; &nbsp;&nbsp;&nbsp;&nbsp;&nbsp;&nbsp;&nbsp;&nbsp;&nbsp;&nbsp;&nbsp;&nbsp;&nbsp;&nbsp;&nbsp;&nbsp;&nbsp;&nbsp;&nbsp;&nbsp; Luis J. Rodriguez<\/li>\n\n\n\n<li>1999 \u2013 2009 &nbsp;&nbsp;&nbsp;&nbsp;&nbsp;&nbsp;&nbsp;Roberto Fleming<\/li>\n\n\n\n<li>2010 \u2013\u00a02023\u00a0\u00a0\u00a0\u00a0\u00a0\u00a0  Ernesto C. Ianantuony<\/li>\n\n\n\n<li>2024                        Edgardo F. Pollarini<\/li>\n<\/ul>\n","protected":false},"excerpt":{"rendered":"<p>La Cooperativa fue fundada el 10 de noviembre de 1963 debido a la inquietud de vecinos unidos por la misma necesidad de contar con el servicio de energ\u00eda el\u00e9ctrica, a trav\u00e9s de los a\u00f1os y con el paso de los distintos Consejos que siempre trabajaron ad honorem, la Cooperativa hizo frente a las distintas necesidades &hellip; <\/p>\n<p class=\"link-more\"><a href=\"https:\/\/coopelectricamechongue.com.ar\/index.php\/acerca-de\/\" class=\"more-link\">Continuar leyendo<span class=\"screen-reader-text\"> &#8220;Historia&#8221;<\/span><\/a><\/p>\n","protected":false},"author":1,"featured_media":159,"parent":0,"menu_order":0,"comment_status":"closed","ping_status":"closed","template":"","meta":{"footnotes":""},"class_list":["post-18","page","type-page","status-publish","has-post-thumbnail","hentry"],"_links":{"self":[{"href":"https:\/\/coopelectricamechongue.com.ar\/index.php\/wp-json\/wp\/v2\/pages\/18","targetHints":{"allow":["GET"]}}],"collection":[{"href":"https:\/\/coopelectricamechongue.com.ar\/index.php\/wp-json\/wp\/v2\/pages"}],"about":[{"href":"https:\/\/coopelectricamechongue.com.ar\/index.php\/wp-json\/wp\/v2\/types\/page"}],"author":[{"embeddable":true,"href":"https:\/\/coopelectricamechongue.com.ar\/index.php\/wp-json\/wp\/v2\/users\/1"}],"replies":[{"embeddable":true,"href":"https:\/\/coopelectricamechongue.com.ar\/index.php\/wp-json\/wp\/v2\/comments?post=18"}],"version-history":[{"count":16,"href":"https:\/\/coopelectricamechongue.com.ar\/index.php\/wp-json\/wp\/v2\/pages\/18\/revisions"}],"predecessor-version":[{"id":295,"href":"https:\/\/coopelectricamechongue.com.ar\/index.php\/wp-json\/wp\/v2\/pages\/18\/revisions\/295"}],"wp:featuredmedia":[{"embeddable":true,"href":"https:\/\/coopelectricamechongue.com.ar\/index.php\/wp-json\/wp\/v2\/media\/159"}],"wp:attachment":[{"href":"https:\/\/coopelectricamechongue.com.ar\/index.php\/wp-json\/wp\/v2\/media?parent=18"}],"curies":[{"name":"wp","href":"https:\/\/api.w.org\/{rel}","templated":true}]}}