{"id":21,"date":"2019-05-03T18:02:00","date_gmt":"2019-05-03T21:02:00","guid":{"rendered":"http:\/\/coopelectricamechongue.com.ar\/?page_id=21"},"modified":"2019-05-10T20:40:37","modified_gmt":"2019-05-10T23:40:37","slug":"una-seccion-de-la-pagina-de-inicio","status":"publish","type":"page","link":"https:\/\/coopelectricamechongue.com.ar\/index.php\/una-seccion-de-la-pagina-de-inicio\/","title":{"rendered":"Servicios"},"content":{"rendered":"<ul>\n<li><strong>Energ\u00eda el\u00e9ctrica<\/strong> El d\u00eda 12 de octubre de 1966 la Cooperativa comenz\u00f3 a brindar el servicio de energ\u00eda el\u00e9ctrica. cubriendo la demanda de nuestros asociados y usuarios contamos con m\u00e1s de 200 kil\u00f3metros de l\u00edneas rurales en media tensi\u00f3n, casi la totalidad de las l\u00edneas de baja tensi\u00f3n del ejido urbano en preensamblado y gran cantidad de soportes en hormig\u00f3n armado. En la actualidad contamos con alrededor de 760 suministros.<\/li>\n<\/ul>\n<ul>\n<li><strong>Agua Potable, <\/strong>27 de enero de 1978 comienza el servicio de agua potable, contamos con la disponibilidad de dos pozos y un tanque que abastece los 565 usuarios<\/li>\n<\/ul>\n<ul>\n<li><strong>Servicio de Cloacas, <\/strong>comenz\u00f3 a brindar servicios el 3 de noviembre de 2000, en la actualidad contamos con 498 conexiones.<\/li>\n<\/ul>\n<ul>\n<li><strong>Sal\u00f3n para reuniones y eventos, <\/strong>disponemos de una sala con servicio para 60 personas, fog\u00f3n parrilla y parque que est\u00e1 a disposici\u00f3n de los socios para reuniones familiares a un bajo costo.<\/li>\n<\/ul>\n<ul>\n<li><strong>Sala velatoria<\/strong><\/li>\n<\/ul>\n<ul>\n<li><strong>Radio FM 90.5 <\/strong>10 de noviembre de 2007 comienza a transmitir la FM 90.5 a fin de integrar la amplia zona rural , manteni\u00e9ndonos informados en el a\u00f1o 2017 se comienza a trabajar junto a radio Zona 89.3 de Miramar haciendo un interesante ida y vuelta con toda la informaci\u00f3n del distrito<\/li>\n<\/ul>\n","protected":false},"excerpt":{"rendered":"<p>Energ\u00eda el\u00e9ctrica El d\u00eda 12 de octubre de 1966 la Cooperativa comenz\u00f3 a brindar el servicio de energ\u00eda el\u00e9ctrica. cubriendo la demanda de nuestros asociados y usuarios contamos con m\u00e1s de 200 kil\u00f3metros de l\u00edneas rurales en media tensi\u00f3n, casi la totalidad de las l\u00edneas de baja tensi\u00f3n del ejido urbano en preensamblado y gran &hellip; <\/p>\n<p class=\"link-more\"><a href=\"https:\/\/coopelectricamechongue.com.ar\/index.php\/una-seccion-de-la-pagina-de-inicio\/\" class=\"more-link\">Continuar leyendo<span class=\"screen-reader-text\"> &#8220;Servicios&#8221;<\/span><\/a><\/p>\n","protected":false},"author":1,"featured_media":187,"parent":0,"menu_order":0,"comment_status":"closed","ping_status":"closed","template":"","meta":{"footnotes":""},"class_list":["post-21","page","type-page","status-publish","has-post-thumbnail","hentry"],"_links":{"self":[{"href":"https:\/\/coopelectricamechongue.com.ar\/index.php\/wp-json\/wp\/v2\/pages\/21","targetHints":{"allow":["GET"]}}],"collection":[{"href":"https:\/\/coopelectricamechongue.com.ar\/index.php\/wp-json\/wp\/v2\/pages"}],"about":[{"href":"https:\/\/coopelectricamechongue.com.ar\/index.php\/wp-json\/wp\/v2\/types\/page"}],"author":[{"embeddable":true,"href":"https:\/\/coopelectricamechongue.com.ar\/index.php\/wp-json\/wp\/v2\/users\/1"}],"replies":[{"embeddable":true,"href":"https:\/\/coopelectricamechongue.com.ar\/index.php\/wp-json\/wp\/v2\/comments?post=21"}],"version-history":[{"count":7,"href":"https:\/\/coopelectricamechongue.com.ar\/index.php\/wp-json\/wp\/v2\/pages\/21\/revisions"}],"predecessor-version":[{"id":186,"href":"https:\/\/coopelectricamechongue.com.ar\/index.php\/wp-json\/wp\/v2\/pages\/21\/revisions\/186"}],"wp:featuredmedia":[{"embeddable":true,"href":"https:\/\/coopelectricamechongue.com.ar\/index.php\/wp-json\/wp\/v2\/media\/187"}],"wp:attachment":[{"href":"https:\/\/coopelectricamechongue.com.ar\/index.php\/wp-json\/wp\/v2\/media?parent=21"}],"curies":[{"name":"wp","href":"https:\/\/api.w.org\/{rel}","templated":true}]}}