{"id":82,"date":"2019-05-03T22:36:01","date_gmt":"2019-05-04T01:36:01","guid":{"rendered":"http:\/\/coopelectricamechongue.com.ar\/?page_id=82"},"modified":"2026-03-09T09:24:21","modified_gmt":"2026-03-09T12:24:21","slug":"informacion-util","status":"publish","type":"page","link":"https:\/\/coopelectricamechongue.com.ar\/index.php\/informacion-util\/","title":{"rendered":"ENLACES DE INTERES"},"content":{"rendered":"\n<p><a href=\"https:\/\/www.oceba.gba.gov.ar\/nueva_web\">https:\/\/www.oceba.gba.gov.ar\/nueva_web<\/a><\/p>\n\n\n\n<p><a href=\"https:\/\/www.gba.gob.ar\/infraestructura\">https:\/\/www.gba.gob.ar\/infraestructura<\/a><\/p>\n\n\n\n<p><a href=\"https:\/\/www.freba.org.ar\">https:\/\/www.freba.org.ar<\/a><\/p>\n\n\n\n<p><a href=\"https:\/\/www.proinged.org.ar\">https:\/\/www.proinged.org.ar<\/a><\/p>\n\n\n\n<p><a href=\"https:\/\/ada.gba.gov.ar\">https:\/\/ada.gba.gov.ar<\/a><\/p>\n\n\n\n<p><strong>Informaci\u00f3n \u00fatil<\/strong><\/p>\n\n\n\n<p>Como leer la eficiencia Energetica de los electrodom\u00e9sticos<\/p>\n\n\n\n<figure class=\"wp-block-image is-resized\"><img loading=\"lazy\" decoding=\"async\" width=\"450\" height=\"300\" src=\"http:\/\/coopelectricamechongue.com.ar\/wp-content\/uploads\/2019\/05\/450_1000.jpg\" alt=\"\" class=\"wp-image-96\" style=\"width:560px;height:373px\" srcset=\"https:\/\/coopelectricamechongue.com.ar\/wp-content\/uploads\/2019\/05\/450_1000.jpg 450w, https:\/\/coopelectricamechongue.com.ar\/wp-content\/uploads\/2019\/05\/450_1000-300x200.jpg 300w\" sizes=\"auto, (max-width: 450px) 100vw, 450px\" \/><figcaption class=\"wp-element-caption\">Identificaci\u00f3n de consumo energetico<\/figcaption><\/figure>\n\n\n\n<p>Consumos Indicativos por electrodom\u00e9stico. Fuente ENRE<\/p>\n\n\n\n<p><\/p>\n\n\n\n<figure class=\"wp-block-table\"><table><thead><tr><th>Electrodom\u00e9stico<br>&nbsp;<\/th><th>Potencia promedio&nbsp;<br>(en Watt)<\/th><th>Consumo en una hora<br>(Wh)<\/th><\/tr><\/thead><tbody><tr><td>Afeitadora<\/td><td>5<\/td><td>5<\/td><\/tr><tr><td>Aire Acondicionado de 2200 frigor\u00edas F\/C<\/td><td>1350<\/td><td>1013<\/td><\/tr><tr><td>Aire Acondicionado de 3500 frigor\u00edas F\/C<\/td><td>2150<\/td><td>1613<\/td><\/tr><tr><td>Aspiradora<\/td><td>1200<\/td><td>1200<\/td><\/tr><tr><td>Batidora de mano<\/td><td>300<\/td><td>300<\/td><\/tr><tr><td>Bomba de agua de 1\/2 HP<\/td><td>380<\/td><td>380<\/td><\/tr><tr><td>Bomba de agua de 3\/4 HP<\/td><td>570<\/td><td>570<\/td><\/tr><tr><td>Cafetera de filtro el\u00e9ctrica<\/td><td>900<\/td><td>900<\/td><\/tr><tr><td>Caloventilador chico c\/termostato<\/td><td>1500<\/td><td>1500<\/td><\/tr><tr><td>Cargador de celular gen\u00e9rico<\/td><td>5<\/td><td>5<\/td><\/tr><tr><td>Computadora (Solo la CPU)<\/td><td>400<\/td><td>400<\/td><\/tr><tr><td>Estufa al\u00f3gena 3 velas c\/termostato<\/td><td>1500<\/td><td>1500<\/td><\/tr><tr><td>Estufa de cuarzo c\/termostato<\/td><td>1500<\/td><td>1500<\/td><\/tr><tr><td>Freezer<\/td><td>250<\/td><td>113<\/td><\/tr><tr><td>Heladera<\/td><td>150<\/td><td>75<\/td><\/tr><tr><td>Heladera con freezer<\/td><td>200<\/td><td>90<\/td><\/tr><tr><td>Horno el\u00e9ctrico de 25 a 30 litros c\/termostato<\/td><td>1500<\/td><td>1500<\/td><\/tr><tr><td>L\u00e1mpara de bajo consumo de 11W<\/td><td>11<\/td><td>11<\/td><\/tr><tr><td>L\u00e1mpara de bajo consumo de 15W<\/td><td>15<\/td><td>15<\/td><\/tr><tr><td>L\u00e1mpara de bajo consumo de 20W<\/td><td>20<\/td><td>20<\/td><\/tr><tr><td>L\u00e1mpara halogenas de 100W<\/td><td>100<\/td><td>100<\/td><\/tr><tr><td>L\u00e1mpara halogenas de 40W<\/td><td>40<\/td><td>40<\/td><\/tr><tr><td>L\u00e1mpara halogenas 60W<\/td><td>60<\/td><td>60<\/td><\/tr><tr><td>Lavarropas Aut. de 5kg. c\/ calentamiento de agua<\/td><td>2500<\/td><td>875<\/td><\/tr><tr><td>Lavarropas Aut. de 5kg.<\/td><td>500<\/td><td>175<\/td><\/tr><tr><td>Lavarropas Semi-autom\u00e1tico de 5kg.<\/td><td>200<\/td><td>80<\/td><\/tr><tr><td>Lavavajilla para 12 cubiertos<\/td><td>1500<\/td><td>1125<\/td><\/tr><tr><td>Licuadora de mano o de pie<\/td><td>600<\/td><td>600<\/td><\/tr><tr><td>Lustraspiradora<\/td><td>800<\/td><td>720<\/td><\/tr><tr><td>Microondas<\/td><td>800<\/td><td>640<\/td><\/tr><tr><td>Minicomponentes<\/td><td>60<\/td><td>60<\/td><\/tr><tr><td>Monitor LED de 19&#8221;<\/td><td>22<\/td><td>22<\/td><\/tr><tr><td>Notebook<\/td><td>22<\/td><td>22<\/td><\/tr><tr><td>Plancha<\/td><td>1500<\/td><td>750<\/td><\/tr><tr><td>Radiador electrico mediano c\/termostato<\/td><td>1500<\/td><td>1500<\/td><\/tr><tr><td>Reproductor de DVD<\/td><td>15<\/td><td>15<\/td><\/tr><tr><td>Secador de cabellos<\/td><td>2000<\/td><td>2000<\/td><\/tr><tr><td>Secarropas a calor<\/td><td>950<\/td><td>950<\/td><\/tr><tr><td>Secarropas centr\u00edfugo<\/td><td>380<\/td><td>380<\/td><\/tr><tr><td>Televisor color de tubo fluorescente de 21&#8221;<\/td><td>75<\/td><td>75<\/td><\/tr><tr><td>Televisor color de tubo fluorescente de 25&#8221;<\/td><td>155<\/td><td>155<\/td><\/tr><tr><td>Televisor color de tubo fluorescente de 29&#8221; a 34&#8221;<\/td><td>175<\/td><td>175<\/td><\/tr><tr><td>Televisor LCD de 40&#8221;<\/td><td>180<\/td><td>180<\/td><\/tr><tr><td>Televisor LED de 24&#8221;<\/td><td>40<\/td><td>40<\/td><\/tr><tr><td>Termotanque el\u00e9ctrico c\/termostato<\/td><td>1500<\/td><td>1500<\/td><\/tr><tr><td>Tostadora<\/td><td>950<\/td><td>950<\/td><\/tr><tr><td>Tubo fluorescente de 18W<\/td><td>18<\/td><td>18<\/td><\/tr><tr><td>Tubo fluorescente de 36W<\/td><td>36<\/td><td>36<\/td><\/tr><tr><td>Tubo fluorescente de 58W<\/td><td>58<\/td><td>58<\/td><\/tr><tr><td>Ventilador de techo<\/td><td>60<\/td><td>60<\/td><\/tr><tr><td>Ventiladores de pie<\/td><td>90<\/td><td>90<\/td><\/tr><tr><td>Vitroconvector 54 x 57cm c\/termostato<\/td><td>1000<\/td><td>1000<\/td><\/tr><tr><td>Vitroconvector 86 x 58cm c\/termostato<\/td><td>2000<\/td><td>2000<\/td><\/tr><\/tbody><\/table><\/figure>\n\n\n\n<p>Mas informaci\u00f3n sobre energ\u00eda  web de IRAM<\/p>\n\n\n\n<p><a href=\"http:\/\/www.eficienciaenergetica.org.ar\">http:\/\/www.eficienciaenergetica.org.ar<\/a><\/p>\n\n\n\n<h4 class=\"wp-block-heading\">\u00bfC\u00f3mo se clasifica el nivel de eficiencia?<\/h4>\n\n\n\n<p>Existen 7 clases de eficiencia energ\u00e9tica, representadas por letras, desde la A hasta la G, siendo A la clase m\u00e1s eficiente. Es as\u00ed como:<\/p>\n\n\n\n<ul class=\"wp-block-list\">\n<li>Los artefactos el\u00e9ctricos clase A consumen aproximadamente un 50% menos de energ\u00eda que los que presentan un consumo medio.<\/li>\n\n\n\n<li>Los artefactos clase B consumen entre el 50% y el 25% menos que los que presentan un consumo medio.<\/li>\n\n\n\n<li>Los artefactos clase C consumen entre el 25% y el 10% menos que los que presentan un consumo medio.<\/li>\n\n\n\n<li>Los artefactos clases D y E son los que se considera que tienen un consumo medio.<\/li>\n\n\n\n<li>Los artefactos clase F consumen entre el 10% y el 25% m\u00e1s que los que presentan un consumo medio.<\/li>\n\n\n\n<li>Los artefactos clase G consumen un 25% m\u00e1s que los que presentan un consumo medio.<\/li>\n<\/ul>\n\n\n\n<h2 class=\"wp-block-heading\">\u00bfC\u00f3mo ahorrar?<\/h2>\n\n\n\n<h3 class=\"wp-block-heading\">Frigor\u00edficos<\/h3>\n\n\n\n<p>La clave del ahorro se halla en los niveles de consumo y de rendimiento del electrodom\u00e9stico. As\u00ed, un frigor\u00edfico-congelador de clase A consume 340kWh al a\u00f1o, un 48% menos uno de clase D y un 60% menos que uno de clase G. En los diez a\u00f1os de vida \u00fatil que se le presupone, consumir\u00eda 5.100 kWh menos (el equivalente a unos 400 euros) que un frigor\u00edfico similar de la clase G. Adem\u00e1s de las etiquetas energ\u00e9ticas, otras cuestiones en las que conviene fijarse son:<\/p>\n\n\n\n<ul class=\"wp-block-list\">\n<li><strong>&#8216;Clase clim\u00e1tica&#8217;<\/strong>: temperatura ambiente recomendada por los fabricantes para garantizar el funcionamiento \u00f3ptimo de los frigor\u00edficos. Se indica con rangos de letra:\n<ul class=\"wp-block-list\">\n<li>SN&#8217; 10\u00baC- 32\u00ba C<\/li>\n\n\n\n<li>N &#8216; 16\u00baC- 32\u00baC<\/li>\n\n\n\n<li>ST &#8216; 18\u00baC- 38\u00baC<\/li>\n\n\n\n<li>T &#8216; 18\u00baC- 43\u00baC<\/li>\n<\/ul>\n<\/li>\n\n\n\n<li><strong>Selecci\u00f3n de temperatura:<\/strong>\u00a0los fabricantes recomiendan mantener el refrigerador a 5 \u00baC y el congelador a -18\u00baC.<\/li>\n\n\n\n<li><strong>Tama\u00f1o:<\/strong>\u00a0no compre un frigor\u00edfico m\u00e1s grande del que necesita, pues consumir\u00e1 m\u00e1s de lo necesario y usted no lo aprovechar\u00e1.<\/li>\n\n\n\n<li><strong>Hielo y escarcha:<\/strong>\u00a0son elementos aislantes y dificultan el enfriamiento del interior del frigor\u00edfico. Desde hace varios a\u00f1os, el mercado ofrece modelos no-frost (sin escarcha), que permiten una circulaci\u00f3n continua de aire en el interior.<\/li>\n<\/ul>\n\n\n\n<h3 class=\"wp-block-heading\">Lavadoras y lavavajillas<\/h3>\n\n\n\n<p>\u00bfQueremos un lavado econ\u00f3mico o uno r\u00e1pido?<br>Los fabricantes ofrecen las siguientes recomendaciones seg\u00fan sea la respuesta:<\/p>\n\n\n\n<ul class=\"wp-block-list\">\n<li><strong>Lavado intensivo:<\/strong>\u00a0el que m\u00e1s energ\u00eda consume, dado que implica un calentamiento mayor del agua. Recomendado para ropa muy sucia o cuando hay cazuelas y sartenes que requieren un lavado m\u00e1s intenso. Es m\u00e1s r\u00e1pido, pero consume mucho m\u00e1s.<\/li>\n\n\n\n<li><strong>Lavado ecol\u00f3gico o econ\u00f3mico:<\/strong>\u00a0consume menos energ\u00eda el\u00e9ctrica -no supera los 50 \u00baC en los lavavajillas- pero puede durar una hora o m\u00e1s.<\/li>\n\n\n\n<li><strong>Carga:<\/strong>\u00a0para poner en marcha lavadoras o lavavajillas, es mejor esperar hasta que se encuentren llenos, pues su consumo ser\u00e1 el mismo que si se utilizan medio vac\u00edos. Es importante diferenciar el impacto en el consumo energ\u00e9tico de la cantidad de agua usada y de la temperatura a la que el electrodom\u00e9stico va a funcionar. Es el aumento de la temperatura, pasar de agua fr\u00eda a caliente y de caliente a muy caliente (superando los 50\u00baC), y no la cantidad de agua empleada, lo que hace que el consumo se dispare. Cuidado con los programas de media carga: consumen menos agua, pero la misma energ\u00eda.<\/li>\n\n\n\n<li><strong>Tama\u00f1o:<\/strong>\u00a0es importante adquirir los lavavajillas de un tama\u00f1o que se ajuste a las necesidades de nuestro hogar. Quien tiene poca vajilla o la utiliza poco tardar\u00e1 mucho en llenar el electrodom\u00e9stico, con lo que acabar\u00e1 usando frecuentemente a media carga.<\/li>\n\n\n\n<li>Hoy se pueden adquirir lavadoras y lavavajillas\u00a0<strong>bit\u00e9rmicos:<\/strong>tienen dos tomas de agua independientes, una para el agua fr\u00eda y otra para la caliente. De este modo, el agua caliente se toma del calentador o caldera y se reduce el tiempo de lavado y se ahorra energ\u00eda.<\/li>\n<\/ul>\n\n\n\n<p class=\"has-text-align-center\"><strong>Links de Interes<\/strong><\/p>\n\n\n\n<figure class=\"wp-block-image\"><img loading=\"lazy\" decoding=\"async\" width=\"528\" height=\"581\" src=\"http:\/\/coopelectricamechongue.com.ar\/wp-content\/uploads\/2019\/05\/Captura-de-pantalla-2019-05-03-a-las-22.52.33.png\" alt=\"\" class=\"wp-image-90\" srcset=\"https:\/\/coopelectricamechongue.com.ar\/wp-content\/uploads\/2019\/05\/Captura-de-pantalla-2019-05-03-a-las-22.52.33.png 528w, https:\/\/coopelectricamechongue.com.ar\/wp-content\/uploads\/2019\/05\/Captura-de-pantalla-2019-05-03-a-las-22.52.33-273x300.png 273w\" sizes=\"auto, (max-width: 528px) 100vw, 528px\" \/><\/figure>\n\n\n\n<p><a href=\"http:\/\/oceba.gba.gov.ar\/web\/PDFS\/RESOLUCION%20OCEBA%20214-18%20y%20Anexos.pdf\">Resoluci\u00f3n de electricidad de OCEBA<\/a><\/p>\n\n\n\n<p><a href=\"http:\/\/oceba.gba.gov.ar\/web\/PDFS\/SUBANEXOE.pdf\">Reglamento de suministro y conexi\u00f3n<\/a><\/p>\n\n\n\n<p><a href=\"https:\/\/oceba.gba.gov.ar\/tarifa_social\/pordni\">Tarifa Social<\/a><\/p>\n\n\n\n<p class=\"has-text-align-center\"><strong>Cuidar el Agua, es responsabilidad de todos<\/strong><\/p>\n\n\n\n<figure class=\"wp-block-image\"><img decoding=\"async\" src=\"blob:http:\/\/coopelectricamechongue.com.ar\/1d6298bb-71c8-448d-86da-2275f08d4892\" alt=\"\"\/><figcaption class=\"wp-element-caption\"><em>M\u00e1s del 70% de la superficie terrestre est\u00e1 ocupada por agua, pero tan solo un 2,5% de toda el agua existente en el planeta es agua dulce, es decir, apta para consumo; de esta, la mayor\u00eda se encuentra inaccesible en glaciares, en los polos, etc., es as\u00ed que tan solo disponemos del 0,5% para consumo y se trata del agua subterr\u00e1nea o superficial<br> Seg\u00fan el \u00faltimo informe de la Organizaci\u00f3n Mundial de la Salud (OMS) 3 de cada 10 personas, o 2.100 millones de personas, carecen de acceso a agua potable y disponible en el hogar y 6 de cada 10, o 4.500 millones no cuentan con saneamiento seguro.<br> El agua potable, el saneamiento y la higiene son esenciales para garantizar una vida sana y promover el bienestar de todos.<\/em><br><strong> &#8220;Por todo esto debemos contribuir al cuidado del agua que adem\u00e1s de cuidar el medio ambiente de futuras generaciones ayuda a la econom\u00eda familiar.&#8221;\ufeff<\/strong><\/figcaption><\/figure>\n\n\n\n<p><\/p>\n\n\n\n<p class=\"has-text-align-center\"><strong><em>Como saber los litros que lleva una piscina<\/em><\/strong><\/p>\n\n\n\n<figure class=\"wp-block-image\"><img loading=\"lazy\" decoding=\"async\" width=\"1024\" height=\"491\" src=\"http:\/\/coopelectricamechongue.com.ar\/wp-content\/uploads\/2019\/05\/calculopiscina-1024x491.png\" alt=\"\" class=\"wp-image-195\" srcset=\"https:\/\/coopelectricamechongue.com.ar\/wp-content\/uploads\/2019\/05\/calculopiscina-1024x491.png 1024w, https:\/\/coopelectricamechongue.com.ar\/wp-content\/uploads\/2019\/05\/calculopiscina-300x144.png 300w, https:\/\/coopelectricamechongue.com.ar\/wp-content\/uploads\/2019\/05\/calculopiscina-768x368.png 768w, https:\/\/coopelectricamechongue.com.ar\/wp-content\/uploads\/2019\/05\/calculopiscina.png 1832w\" sizes=\"auto, (max-width: 767px) 89vw, (max-width: 1000px) 54vw, (max-width: 1071px) 543px, 580px\" \/><\/figure>\n\n\n\n<h2 class=\"wp-block-heading\">Consejos para el buen uso de la red cloacal<\/h2>\n\n\n\n<p class=\"has-text-align-center has-very-light-gray-color has-vivid-cyan-blue-background-color has-text-color has-background\" style=\"font-size:21px\"><strong>No est\u00e1 permitido conectar los desag\u00fces pluviales a la red cloacal.<\/strong><\/p>\n\n\n\n<p>Cuando esto sucede, se satura la capacidad de conducci\u00f3n de las ca\u00f1er\u00edas cloacales que no est\u00e1n dimensionadas para recibir agua de lluvia (hasta diez veces m\u00e1s importantes que las descargas domiciliarias), y se provocan desbordes a trav\u00e9s de las bocas de registro.<\/p>\n\n\n\n<p>S\u00f3lo deben arrojarse al sistema de desag\u00fce cloacal domiciliario los l\u00edquidos provenientes de artefactos sanitarios o excretas, el agua del lavado de prendas e higiene personal, el agua producto del lavado de alimentos, de la preparaci\u00f3n de comidas y el agua del enjuague de vajilla. <\/p>\n\n\n\n<p class=\"has-text-align-center\"><strong>No desechar en el sistema de desag\u00fces, elementos s\u00f3lidos que perturben el funcionamiento de las instalaciones<\/strong><\/p>\n\n\n\n<p class=\"has-text-align-center\"><strong><em>Dado que las conexiones est\u00e1n dise\u00f1adas y construidas para permitir solamente el paso de l\u00edquidos o disposiciones excretas. Los productos de origen industrial generan \u00e1cido y da\u00f1an gravemente las ca\u00f1er\u00edas.<\/em><\/strong><\/p>\n\n\n\n<p class=\"has-text-align-center\"><strong><em>No arrojar trapos, medias de mujer, pa\u00f1ales, algodones, bolsas, preservativos, porta desodorantes de inodoros; envases pl\u00e1sticos en general o de cart\u00f3n; productos solidificados como aceites lubricantes y pinturas; materiales no biodegradables a corto plazo como maderas y cartones; colillas de cigarrillos; medicamentos vencidos<\/em><\/strong><em>.<\/em><\/p>\n\n\n\n<p>Son muy comunes las obstrucciones producidas en las paredes de las ca\u00f1er\u00edas cloacales, al solidificarse comestibles, grasas y aceites que son vertidos normalmente con la limpieza de la vajilla. Y tambi\u00e9n en forma conjunta con la descarga de elementos no permitidos como yerba, f\u00f3sforos, t\u00e9 o caf\u00e9. Las colectoras cercanas a las grandes casas de comidas y restaurantes que no respetan estas recomendaciones, la sufren a diario.<\/p>\n","protected":false},"excerpt":{"rendered":"<p>https:\/\/www.oceba.gba.gov.ar\/nueva_web https:\/\/www.gba.gob.ar\/infraestructura https:\/\/www.freba.org.ar https:\/\/www.proinged.org.ar https:\/\/ada.gba.gov.ar Informaci\u00f3n \u00fatil Como leer la eficiencia Energetica de los electrodom\u00e9sticos Consumos Indicativos por electrodom\u00e9stico. Fuente ENRE Electrodom\u00e9stico&nbsp; Potencia promedio&nbsp;(en Watt) Consumo en una hora(Wh) Afeitadora 5 5 Aire Acondicionado de 2200 frigor\u00edas F\/C 1350 1013 Aire Acondicionado de 3500 frigor\u00edas F\/C 2150 1613 Aspiradora 1200 1200 Batidora de mano 300 &hellip; <\/p>\n<p class=\"link-more\"><a href=\"https:\/\/coopelectricamechongue.com.ar\/index.php\/informacion-util\/\" class=\"more-link\">Continuar leyendo<span class=\"screen-reader-text\"> &#8220;ENLACES DE INTERES&#8221;<\/span><\/a><\/p>\n","protected":false},"author":1,"featured_media":0,"parent":0,"menu_order":0,"comment_status":"closed","ping_status":"closed","template":"","meta":{"footnotes":""},"class_list":["post-82","page","type-page","status-publish","hentry"],"_links":{"self":[{"href":"https:\/\/coopelectricamechongue.com.ar\/index.php\/wp-json\/wp\/v2\/pages\/82","targetHints":{"allow":["GET"]}}],"collection":[{"href":"https:\/\/coopelectricamechongue.com.ar\/index.php\/wp-json\/wp\/v2\/pages"}],"about":[{"href":"https:\/\/coopelectricamechongue.com.ar\/index.php\/wp-json\/wp\/v2\/types\/page"}],"author":[{"embeddable":true,"href":"https:\/\/coopelectricamechongue.com.ar\/index.php\/wp-json\/wp\/v2\/users\/1"}],"replies":[{"embeddable":true,"href":"https:\/\/coopelectricamechongue.com.ar\/index.php\/wp-json\/wp\/v2\/comments?post=82"}],"version-history":[{"count":16,"href":"https:\/\/coopelectricamechongue.com.ar\/index.php\/wp-json\/wp\/v2\/pages\/82\/revisions"}],"predecessor-version":[{"id":342,"href":"https:\/\/coopelectricamechongue.com.ar\/index.php\/wp-json\/wp\/v2\/pages\/82\/revisions\/342"}],"wp:attachment":[{"href":"https:\/\/coopelectricamechongue.com.ar\/index.php\/wp-json\/wp\/v2\/media?parent=82"}],"curies":[{"name":"wp","href":"https:\/\/api.w.org\/{rel}","templated":true}]}}